{"id":71,"date":"2013-11-19T13:08:08","date_gmt":"2013-11-19T11:08:08","guid":{"rendered":"http:\/\/hannah.speleosearch.info\/wordpress\/?page_id=71"},"modified":"2021-09-12T23:42:06","modified_gmt":"2021-09-12T21:42:06","slug":"erwachsene","status":"publish","type":"page","link":"https:\/\/hannah.speleosearch.info\/wordpress\/gemeinde-leben\/erwachsene\/","title":{"rendered":"ERWACHSENE"},"content":{"rendered":"<h1>Frauenkreis<\/h1>\n<p>findet 1x im Monat statt, immer donnerstags um 20.00 Uhr (Sommerzeit)<br \/>\noder 19.30 Uhr (Winterzeit): Lebensbilder, Ausfl\u00fcge, Basteln, die Bibel entdecken.<br \/>\nKontakt: Edeltraud Haas, Tel. 56 49.<\/p>\n<h1 dir=\"ltr\" align=\"left\">Gebetskreis<\/h1>\n<p>jeden 1. oder 2. Donnerstag im Monat um 20.00 Uhr. Hier treffen sich Menschen zum Gebet f\u00fcr unsere Gemeinde. Kontakt: Klaus H\u00e4mmerl, Tel. 43 24.<\/p>\n<h1 dir=\"ltr\" align=\"left\">Frauenfr\u00fchst\u00fcck<\/h1>\n<p>ist im Moment nicht geplant. Ein Termin wird rechtzeitig bekannt gegeben.<br \/>\nKontakt: Beate Herbst, Tel. 48 65.<\/p>\n<h1 dir=\"ltr\" align=\"left\">Ladies Time<\/h1>\n<p>eine neue Veranstaltung f\u00fcr Frauen am Freitagabend von 19.00-ca. 21.30 Uhr. Ein Abend bei einem Glas Wein, einem abwechslungsreichen Buffett, einem interessanten Vortrag und intensiven Gespr\u00e4chen. Der Termin wird rechtzeitig bekannt gegeben.<br \/>\nKontakt: Pfarramt, Tel. 48 30.<\/p>\n<h1 dir=\"ltr\" align=\"left\">Seniorennachmittage<\/h1>\n<p>finden im Winterhalbjahr 1x im Monat immer mittwochs um 14.30 Uhr statt. Kontakt: Pfarramt, Tel. 48 30.<\/p>\n<h1 dir=\"ltr\" align=\"left\">Hauskreise<\/h1>\n<p>finden an unterschiedlichen Orten und Terminen statt. Bei Interesse im Pfarramt nach den aktuellen Terminen fragen.<br \/>\nKontakt: Pfarramt, Tel. 48 30.<\/p>\n","protected":false},"excerpt":{"rendered":"<p>Frauenkreis findet 1x im Monat statt, immer donnerstags um 20.00 Uhr (Sommerzeit) oder 19.30 Uhr (Winterzeit): Lebensbilder, Ausfl\u00fcge, Basteln, die Bibel entdecken. Kontakt: Edeltraud Haas, Tel. 56 49. Gebetskreis jeden 1. oder 2. Donnerstag im Monat um 20.00 Uhr. Hier treffen sich Menschen zum Gebet f\u00fcr unsere Gemeinde. Kontakt: Klaus H\u00e4mmerl, Tel. 43 24. Frauenfr\u00fchst\u00fcck [&hellip;]<\/p>\n","protected":false},"author":1,"featured_media":0,"parent":27,"menu_order":0,"comment_status":"closed","ping_status":"closed","template":"","meta":{"footnotes":""},"class_list":["post-71","page","type-page","status-publish","hentry"],"yoast_head":"<!-- This site is optimized with the Yoast SEO plugin v27.5 - https:\/\/yoast.com\/product\/yoast-seo-wordpress\/ -->\n<title>ERWACHSENE - Kirchengemeinde Hartmannshof<\/title>\n<meta name=\"robots\" content=\"index, follow, max-snippet:-1, max-image-preview:large, max-video-preview:-1\" \/>\n<link rel=\"canonical\" href=\"https:\/\/hannah.speleosearch.info\/wordpress\/gemeinde-leben\/erwachsene\/\" \/>\n<meta property=\"og:locale\" content=\"de_DE\" \/>\n<meta property=\"og:type\" content=\"article\" \/>\n<meta property=\"og:title\" content=\"ERWACHSENE - Kirchengemeinde Hartmannshof\" \/>\n<meta property=\"og:description\" content=\"Frauenkreis findet 1x im Monat statt, immer donnerstags um 20.00 Uhr (Sommerzeit) oder 19.30 Uhr (Winterzeit): Lebensbilder, Ausfl\u00fcge, Basteln, die Bibel entdecken. Kontakt: Edeltraud Haas, Tel. 56 49. Gebetskreis jeden 1. oder 2. Donnerstag im Monat um 20.00 Uhr. Hier treffen sich Menschen zum Gebet f\u00fcr unsere Gemeinde. Kontakt: Klaus H\u00e4mmerl, Tel. 43 24. Frauenfr\u00fchst\u00fcck [&hellip;]\" \/>\n<meta property=\"og:url\" content=\"https:\/\/hannah.speleosearch.info\/wordpress\/gemeinde-leben\/erwachsene\/\" \/>\n<meta property=\"og:site_name\" content=\"Kirchengemeinde Hartmannshof\" \/>\n<meta property=\"article:modified_time\" content=\"2021-09-12T21:42:06+00:00\" \/>\n<meta name=\"twitter:card\" content=\"summary_large_image\" \/>\n<meta name=\"twitter:label1\" content=\"Gesch\u00e4tzte Lesezeit\" \/>\n\t<meta name=\"twitter:data1\" content=\"1\u00a0Minute\" \/>\n<script type=\"application\/ld+json\" class=\"yoast-schema-graph\">{\"@context\":\"https:\\\/\\\/schema.org\",\"@graph\":[{\"@type\":\"WebPage\",\"@id\":\"https:\\\/\\\/hannah.speleosearch.info\\\/wordpress\\\/gemeinde-leben\\\/erwachsene\\\/\",\"url\":\"https:\\\/\\\/hannah.speleosearch.info\\\/wordpress\\\/gemeinde-leben\\\/erwachsene\\\/\",\"name\":\"ERWACHSENE - Kirchengemeinde Hartmannshof\",\"isPartOf\":{\"@id\":\"https:\\\/\\\/hannah.speleosearch.info\\\/wordpress\\\/#website\"},\"datePublished\":\"2013-11-19T11:08:08+00:00\",\"dateModified\":\"2021-09-12T21:42:06+00:00\",\"breadcrumb\":{\"@id\":\"https:\\\/\\\/hannah.speleosearch.info\\\/wordpress\\\/gemeinde-leben\\\/erwachsene\\\/#breadcrumb\"},\"inLanguage\":\"de\",\"potentialAction\":[{\"@type\":\"ReadAction\",\"target\":[\"https:\\\/\\\/hannah.speleosearch.info\\\/wordpress\\\/gemeinde-leben\\\/erwachsene\\\/\"]}]},{\"@type\":\"BreadcrumbList\",\"@id\":\"https:\\\/\\\/hannah.speleosearch.info\\\/wordpress\\\/gemeinde-leben\\\/erwachsene\\\/#breadcrumb\",\"itemListElement\":[{\"@type\":\"ListItem\",\"position\":1,\"name\":\"Startseite\",\"item\":\"https:\\\/\\\/hannah.speleosearch.info\\\/wordpress\\\/\"},{\"@type\":\"ListItem\",\"position\":2,\"name\":\"GEMEINDE LEBEN\",\"item\":\"https:\\\/\\\/hannah.speleosearch.info\\\/wordpress\\\/gemeinde-leben\\\/\"},{\"@type\":\"ListItem\",\"position\":3,\"name\":\"ERWACHSENE\"}]},{\"@type\":\"WebSite\",\"@id\":\"https:\\\/\\\/hannah.speleosearch.info\\\/wordpress\\\/#website\",\"url\":\"https:\\\/\\\/hannah.speleosearch.info\\\/wordpress\\\/\",\"name\":\"Kirchengemeinde Hartmannshof\",\"description\":\"\",\"potentialAction\":[{\"@type\":\"SearchAction\",\"target\":{\"@type\":\"EntryPoint\",\"urlTemplate\":\"https:\\\/\\\/hannah.speleosearch.info\\\/wordpress\\\/?s={search_term_string}\"},\"query-input\":{\"@type\":\"PropertyValueSpecification\",\"valueRequired\":true,\"valueName\":\"search_term_string\"}}],\"inLanguage\":\"de\"}]}<\/script>\n<!-- \/ Yoast SEO plugin. -->","yoast_head_json":{"title":"ERWACHSENE - Kirchengemeinde Hartmannshof","robots":{"index":"index","follow":"follow","max-snippet":"max-snippet:-1","max-image-preview":"max-image-preview:large","max-video-preview":"max-video-preview:-1"},"canonical":"https:\/\/hannah.speleosearch.info\/wordpress\/gemeinde-leben\/erwachsene\/","og_locale":"de_DE","og_type":"article","og_title":"ERWACHSENE - Kirchengemeinde Hartmannshof","og_description":"Frauenkreis findet 1x im Monat statt, immer donnerstags um 20.00 Uhr (Sommerzeit) oder 19.30 Uhr (Winterzeit): Lebensbilder, Ausfl\u00fcge, Basteln, die Bibel entdecken. Kontakt: Edeltraud Haas, Tel. 56 49. Gebetskreis jeden 1. oder 2. Donnerstag im Monat um 20.00 Uhr. Hier treffen sich Menschen zum Gebet f\u00fcr unsere Gemeinde. Kontakt: Klaus H\u00e4mmerl, Tel. 43 24. Frauenfr\u00fchst\u00fcck [&hellip;]","og_url":"https:\/\/hannah.speleosearch.info\/wordpress\/gemeinde-leben\/erwachsene\/","og_site_name":"Kirchengemeinde Hartmannshof","article_modified_time":"2021-09-12T21:42:06+00:00","twitter_card":"summary_large_image","twitter_misc":{"Gesch\u00e4tzte Lesezeit":"1\u00a0Minute"},"schema":{"@context":"https:\/\/schema.org","@graph":[{"@type":"WebPage","@id":"https:\/\/hannah.speleosearch.info\/wordpress\/gemeinde-leben\/erwachsene\/","url":"https:\/\/hannah.speleosearch.info\/wordpress\/gemeinde-leben\/erwachsene\/","name":"ERWACHSENE - Kirchengemeinde Hartmannshof","isPartOf":{"@id":"https:\/\/hannah.speleosearch.info\/wordpress\/#website"},"datePublished":"2013-11-19T11:08:08+00:00","dateModified":"2021-09-12T21:42:06+00:00","breadcrumb":{"@id":"https:\/\/hannah.speleosearch.info\/wordpress\/gemeinde-leben\/erwachsene\/#breadcrumb"},"inLanguage":"de","potentialAction":[{"@type":"ReadAction","target":["https:\/\/hannah.speleosearch.info\/wordpress\/gemeinde-leben\/erwachsene\/"]}]},{"@type":"BreadcrumbList","@id":"https:\/\/hannah.speleosearch.info\/wordpress\/gemeinde-leben\/erwachsene\/#breadcrumb","itemListElement":[{"@type":"ListItem","position":1,"name":"Startseite","item":"https:\/\/hannah.speleosearch.info\/wordpress\/"},{"@type":"ListItem","position":2,"name":"GEMEINDE LEBEN","item":"https:\/\/hannah.speleosearch.info\/wordpress\/gemeinde-leben\/"},{"@type":"ListItem","position":3,"name":"ERWACHSENE"}]},{"@type":"WebSite","@id":"https:\/\/hannah.speleosearch.info\/wordpress\/#website","url":"https:\/\/hannah.speleosearch.info\/wordpress\/","name":"Kirchengemeinde Hartmannshof","description":"","potentialAction":[{"@type":"SearchAction","target":{"@type":"EntryPoint","urlTemplate":"https:\/\/hannah.speleosearch.info\/wordpress\/?s={search_term_string}"},"query-input":{"@type":"PropertyValueSpecification","valueRequired":true,"valueName":"search_term_string"}}],"inLanguage":"de"}]}},"_links":{"self":[{"href":"https:\/\/hannah.speleosearch.info\/wordpress\/wp-json\/wp\/v2\/pages\/71","targetHints":{"allow":["GET"]}}],"collection":[{"href":"https:\/\/hannah.speleosearch.info\/wordpress\/wp-json\/wp\/v2\/pages"}],"about":[{"href":"https:\/\/hannah.speleosearch.info\/wordpress\/wp-json\/wp\/v2\/types\/page"}],"author":[{"embeddable":true,"href":"https:\/\/hannah.speleosearch.info\/wordpress\/wp-json\/wp\/v2\/users\/1"}],"replies":[{"embeddable":true,"href":"https:\/\/hannah.speleosearch.info\/wordpress\/wp-json\/wp\/v2\/comments?post=71"}],"version-history":[{"count":16,"href":"https:\/\/hannah.speleosearch.info\/wordpress\/wp-json\/wp\/v2\/pages\/71\/revisions"}],"predecessor-version":[{"id":730,"href":"https:\/\/hannah.speleosearch.info\/wordpress\/wp-json\/wp\/v2\/pages\/71\/revisions\/730"}],"up":[{"embeddable":true,"href":"https:\/\/hannah.speleosearch.info\/wordpress\/wp-json\/wp\/v2\/pages\/27"}],"wp:attachment":[{"href":"https:\/\/hannah.speleosearch.info\/wordpress\/wp-json\/wp\/v2\/media?parent=71"}],"curies":[{"name":"wp","href":"https:\/\/api.w.org\/{rel}","templated":true}]}}