{"id":69,"date":"2013-11-19T13:08:08","date_gmt":"2013-11-19T11:08:08","guid":{"rendered":"http:\/\/hannah.speleosearch.info\/wordpress\/?page_id=69"},"modified":"2016-02-03T09:10:24","modified_gmt":"2016-02-03T07:10:24","slug":"besondere-ereignisse","status":"publish","type":"page","link":"https:\/\/hannah.speleosearch.info\/wordpress\/gemeinde-leben\/besondere-ereignisse\/","title":{"rendered":"BESONDERE EREIGNISSE"},"content":{"rendered":"<h2>Gemeindefest<\/h2>\n<p>findet alle 2 Jahre statt. Unter der Leitung des Kirchenvorstandes beteiligen sich alle Gruppen und Kreise und so entsteht ein unterhaltsamer Sonntag f\u00fcr Jung und Alt, bei dem auch bestens f\u00fcr das leibliche Wohl gesorgt ist.<\/p>\n<h2 dir=\"ltr\" align=\"left\">Kirchweih in Haunritz<\/h2>\n<p>findet am 1. Sonntag im Juli statt. An diesem Sonntag ist in unserer Kirche kein Gottesdienst, sondern bei sch\u00f6nem Wetter im Wirtsgarten, bei schlechtem Wetter im Saal des Gasthauses \u201eZum Alten Fritz&#8220; in Haunritz.<\/p>\n<h2 dir=\"ltr\" align=\"left\">Kirchweih in Arzlohe<\/h2>\n<p>am Sonntag vor Jakobi (25.7.) findet in der Kapellenruine in Arzlohe der Gottesdienst statt und in unserer Kirche entf\u00e4llt der Gottesdienst.<\/p>\n<h2>Taufe<\/h2>\n<p>kann an einem Sonntag w\u00e4hrend des Gottesdienstes oder am Sonntag nach dem Gottesdienst in einem eigenen Taufgottesdienst nach Absprache mit der Pfarrerin stattfinden.<\/p>\n<h2 dir=\"ltr\" align=\"left\">Konfirmation<\/h2>\n<p>findet immer am Palmsonntag, dem Sonntag vor Ostern statt. Im Januar\/Februar findet ein Elternabend mit den zuk\u00fcnftigen Konfirmanden statt, in dem alle organisatorischen Dinge gekl\u00e4rt werden k\u00f6nnen. Bis zum Unterrichtsstart nach Ostern machen die Konfirmanden ein Gemeindepraktikum. Gemeinsam fahren die Konfirmanden auf f\u00fcr ein Wochenende auf eine Konfirmandenfreizeit. Im Juli treffen sich die Konfirmanden freiwillig zu einem Zeltwochenende in Deinsdorf An einigen Samstagen, den Konfirmandentagen, werden Gottesdienste vorbereitet. Die Konfirmanden sind auch f\u00fcr die Verteilung des Gemeindebriefes zust\u00e4ndig.<\/p>\n","protected":false},"excerpt":{"rendered":"<p>Gemeindefest findet alle 2 Jahre statt. Unter der Leitung des Kirchenvorstandes beteiligen sich alle Gruppen und Kreise und so entsteht ein unterhaltsamer Sonntag f\u00fcr Jung und Alt, bei dem auch bestens f\u00fcr das leibliche Wohl gesorgt ist. Kirchweih in Haunritz findet am 1. Sonntag im Juli statt. An diesem Sonntag ist in unserer Kirche kein [&hellip;]<\/p>\n","protected":false},"author":1,"featured_media":0,"parent":27,"menu_order":0,"comment_status":"closed","ping_status":"closed","template":"","meta":{"footnotes":""},"class_list":["post-69","page","type-page","status-publish","hentry"],"yoast_head":"<!-- This site is optimized with the Yoast SEO plugin v27.5 - https:\/\/yoast.com\/product\/yoast-seo-wordpress\/ -->\n<title>BESONDERE EREIGNISSE - Kirchengemeinde Hartmannshof<\/title>\n<meta name=\"robots\" content=\"index, follow, max-snippet:-1, max-image-preview:large, max-video-preview:-1\" \/>\n<link rel=\"canonical\" href=\"https:\/\/hannah.speleosearch.info\/wordpress\/gemeinde-leben\/besondere-ereignisse\/\" \/>\n<meta property=\"og:locale\" content=\"de_DE\" \/>\n<meta property=\"og:type\" content=\"article\" \/>\n<meta property=\"og:title\" content=\"BESONDERE EREIGNISSE - Kirchengemeinde Hartmannshof\" \/>\n<meta property=\"og:description\" content=\"Gemeindefest findet alle 2 Jahre statt. Unter der Leitung des Kirchenvorstandes beteiligen sich alle Gruppen und Kreise und so entsteht ein unterhaltsamer Sonntag f\u00fcr Jung und Alt, bei dem auch bestens f\u00fcr das leibliche Wohl gesorgt ist. Kirchweih in Haunritz findet am 1. Sonntag im Juli statt. An diesem Sonntag ist in unserer Kirche kein [&hellip;]\" \/>\n<meta property=\"og:url\" content=\"https:\/\/hannah.speleosearch.info\/wordpress\/gemeinde-leben\/besondere-ereignisse\/\" \/>\n<meta property=\"og:site_name\" content=\"Kirchengemeinde Hartmannshof\" \/>\n<meta property=\"article:modified_time\" content=\"2016-02-03T07:10:24+00:00\" \/>\n<meta name=\"twitter:card\" content=\"summary_large_image\" \/>\n<meta name=\"twitter:label1\" content=\"Gesch\u00e4tzte Lesezeit\" \/>\n\t<meta name=\"twitter:data1\" content=\"1\u00a0Minute\" \/>\n<script type=\"application\/ld+json\" class=\"yoast-schema-graph\">{\"@context\":\"https:\\\/\\\/schema.org\",\"@graph\":[{\"@type\":\"WebPage\",\"@id\":\"https:\\\/\\\/hannah.speleosearch.info\\\/wordpress\\\/gemeinde-leben\\\/besondere-ereignisse\\\/\",\"url\":\"https:\\\/\\\/hannah.speleosearch.info\\\/wordpress\\\/gemeinde-leben\\\/besondere-ereignisse\\\/\",\"name\":\"BESONDERE EREIGNISSE - Kirchengemeinde Hartmannshof\",\"isPartOf\":{\"@id\":\"https:\\\/\\\/hannah.speleosearch.info\\\/wordpress\\\/#website\"},\"datePublished\":\"2013-11-19T11:08:08+00:00\",\"dateModified\":\"2016-02-03T07:10:24+00:00\",\"breadcrumb\":{\"@id\":\"https:\\\/\\\/hannah.speleosearch.info\\\/wordpress\\\/gemeinde-leben\\\/besondere-ereignisse\\\/#breadcrumb\"},\"inLanguage\":\"de\",\"potentialAction\":[{\"@type\":\"ReadAction\",\"target\":[\"https:\\\/\\\/hannah.speleosearch.info\\\/wordpress\\\/gemeinde-leben\\\/besondere-ereignisse\\\/\"]}]},{\"@type\":\"BreadcrumbList\",\"@id\":\"https:\\\/\\\/hannah.speleosearch.info\\\/wordpress\\\/gemeinde-leben\\\/besondere-ereignisse\\\/#breadcrumb\",\"itemListElement\":[{\"@type\":\"ListItem\",\"position\":1,\"name\":\"Startseite\",\"item\":\"https:\\\/\\\/hannah.speleosearch.info\\\/wordpress\\\/\"},{\"@type\":\"ListItem\",\"position\":2,\"name\":\"GEMEINDE LEBEN\",\"item\":\"https:\\\/\\\/hannah.speleosearch.info\\\/wordpress\\\/gemeinde-leben\\\/\"},{\"@type\":\"ListItem\",\"position\":3,\"name\":\"BESONDERE EREIGNISSE\"}]},{\"@type\":\"WebSite\",\"@id\":\"https:\\\/\\\/hannah.speleosearch.info\\\/wordpress\\\/#website\",\"url\":\"https:\\\/\\\/hannah.speleosearch.info\\\/wordpress\\\/\",\"name\":\"Kirchengemeinde Hartmannshof\",\"description\":\"\",\"potentialAction\":[{\"@type\":\"SearchAction\",\"target\":{\"@type\":\"EntryPoint\",\"urlTemplate\":\"https:\\\/\\\/hannah.speleosearch.info\\\/wordpress\\\/?s={search_term_string}\"},\"query-input\":{\"@type\":\"PropertyValueSpecification\",\"valueRequired\":true,\"valueName\":\"search_term_string\"}}],\"inLanguage\":\"de\"}]}<\/script>\n<!-- \/ Yoast SEO plugin. -->","yoast_head_json":{"title":"BESONDERE EREIGNISSE - Kirchengemeinde Hartmannshof","robots":{"index":"index","follow":"follow","max-snippet":"max-snippet:-1","max-image-preview":"max-image-preview:large","max-video-preview":"max-video-preview:-1"},"canonical":"https:\/\/hannah.speleosearch.info\/wordpress\/gemeinde-leben\/besondere-ereignisse\/","og_locale":"de_DE","og_type":"article","og_title":"BESONDERE EREIGNISSE - Kirchengemeinde Hartmannshof","og_description":"Gemeindefest findet alle 2 Jahre statt. Unter der Leitung des Kirchenvorstandes beteiligen sich alle Gruppen und Kreise und so entsteht ein unterhaltsamer Sonntag f\u00fcr Jung und Alt, bei dem auch bestens f\u00fcr das leibliche Wohl gesorgt ist. Kirchweih in Haunritz findet am 1. Sonntag im Juli statt. An diesem Sonntag ist in unserer Kirche kein [&hellip;]","og_url":"https:\/\/hannah.speleosearch.info\/wordpress\/gemeinde-leben\/besondere-ereignisse\/","og_site_name":"Kirchengemeinde Hartmannshof","article_modified_time":"2016-02-03T07:10:24+00:00","twitter_card":"summary_large_image","twitter_misc":{"Gesch\u00e4tzte Lesezeit":"1\u00a0Minute"},"schema":{"@context":"https:\/\/schema.org","@graph":[{"@type":"WebPage","@id":"https:\/\/hannah.speleosearch.info\/wordpress\/gemeinde-leben\/besondere-ereignisse\/","url":"https:\/\/hannah.speleosearch.info\/wordpress\/gemeinde-leben\/besondere-ereignisse\/","name":"BESONDERE EREIGNISSE - Kirchengemeinde Hartmannshof","isPartOf":{"@id":"https:\/\/hannah.speleosearch.info\/wordpress\/#website"},"datePublished":"2013-11-19T11:08:08+00:00","dateModified":"2016-02-03T07:10:24+00:00","breadcrumb":{"@id":"https:\/\/hannah.speleosearch.info\/wordpress\/gemeinde-leben\/besondere-ereignisse\/#breadcrumb"},"inLanguage":"de","potentialAction":[{"@type":"ReadAction","target":["https:\/\/hannah.speleosearch.info\/wordpress\/gemeinde-leben\/besondere-ereignisse\/"]}]},{"@type":"BreadcrumbList","@id":"https:\/\/hannah.speleosearch.info\/wordpress\/gemeinde-leben\/besondere-ereignisse\/#breadcrumb","itemListElement":[{"@type":"ListItem","position":1,"name":"Startseite","item":"https:\/\/hannah.speleosearch.info\/wordpress\/"},{"@type":"ListItem","position":2,"name":"GEMEINDE LEBEN","item":"https:\/\/hannah.speleosearch.info\/wordpress\/gemeinde-leben\/"},{"@type":"ListItem","position":3,"name":"BESONDERE EREIGNISSE"}]},{"@type":"WebSite","@id":"https:\/\/hannah.speleosearch.info\/wordpress\/#website","url":"https:\/\/hannah.speleosearch.info\/wordpress\/","name":"Kirchengemeinde Hartmannshof","description":"","potentialAction":[{"@type":"SearchAction","target":{"@type":"EntryPoint","urlTemplate":"https:\/\/hannah.speleosearch.info\/wordpress\/?s={search_term_string}"},"query-input":{"@type":"PropertyValueSpecification","valueRequired":true,"valueName":"search_term_string"}}],"inLanguage":"de"}]}},"_links":{"self":[{"href":"https:\/\/hannah.speleosearch.info\/wordpress\/wp-json\/wp\/v2\/pages\/69","targetHints":{"allow":["GET"]}}],"collection":[{"href":"https:\/\/hannah.speleosearch.info\/wordpress\/wp-json\/wp\/v2\/pages"}],"about":[{"href":"https:\/\/hannah.speleosearch.info\/wordpress\/wp-json\/wp\/v2\/types\/page"}],"author":[{"embeddable":true,"href":"https:\/\/hannah.speleosearch.info\/wordpress\/wp-json\/wp\/v2\/users\/1"}],"replies":[{"embeddable":true,"href":"https:\/\/hannah.speleosearch.info\/wordpress\/wp-json\/wp\/v2\/comments?post=69"}],"version-history":[{"count":7,"href":"https:\/\/hannah.speleosearch.info\/wordpress\/wp-json\/wp\/v2\/pages\/69\/revisions"}],"predecessor-version":[{"id":307,"href":"https:\/\/hannah.speleosearch.info\/wordpress\/wp-json\/wp\/v2\/pages\/69\/revisions\/307"}],"up":[{"embeddable":true,"href":"https:\/\/hannah.speleosearch.info\/wordpress\/wp-json\/wp\/v2\/pages\/27"}],"wp:attachment":[{"href":"https:\/\/hannah.speleosearch.info\/wordpress\/wp-json\/wp\/v2\/media?parent=69"}],"curies":[{"name":"wp","href":"https:\/\/api.w.org\/{rel}","templated":true}]}}