{"id":67,"date":"2013-11-19T13:10:00","date_gmt":"2013-11-19T11:10:00","guid":{"rendered":"http:\/\/hannah.speleosearch.info\/wordpress\/?page_id=67"},"modified":"2023-09-21T12:05:14","modified_gmt":"2023-09-21T10:05:14","slug":"musik","status":"publish","type":"page","link":"https:\/\/hannah.speleosearch.info\/wordpress\/gemeinde-leben\/musik\/","title":{"rendered":"MUSIK"},"content":{"rendered":"\n<p><\/p>\n\n\n<h1>Posaunenchor<\/h1>\n<p>probt am Freitag um 20.00 Uhr im Gemeindehaus unter Katharina Polster, die Jungbl\u00e4ser um 19.00 Uhr. Der Posaunenchor gestaltet besondere Gottesdienste musikalisch aus, bl\u00e4st nach Wunsch bei Geburtstagen und sonstigen kirchlichen Anl\u00e4ssen.<br \/>Kontakt: Posaunenchorobmann Klaus Haas, Tel. 4821.<\/p>\n<h1 dir=\"ltr\" align=\"left\">Chorproben f\u00fcr den Abendgottesdienst<\/h1>\n<p>in der Regel treffen sich sangesfreudige Gemeindeglieder eine Stunde vor dem Abendgottesdienst und studieren die Lieder ein. Meist werden moderne christliche Lieder aus dem neuen Gesangbuch gesungen. Kontakt: Nicole Andresen oder Pfarramt Tel. 4830<\/p>\n\n\n<h1 class=\"wp-block-heading\">Kinder-Sing-Klang-Stunde<\/h1>\n\n\n\n<p>Musikgruppe f\u00fcr Kinder bis 6 Jahre, donnerstags (monatlich) von 16.00 &#8211; 16.45 Uhr im Gemeindehaus. Infos bei Judit Herbst oder im Pfarramt.<\/p>\n\n\n\n<h1 class=\"wp-block-heading\">Happy Heavenly H\u00f6genbachtaler<\/h1>\n\n\n\n<p>Kinderchor ab 6 Jahre, donnerstags (au\u00dfer in den Ferien) von 16.00 &#8211; 16.45 Uhr im Gemeindehaus. Infos bei Melanie Schmidt oder im Pfarramt.<\/p>\n\n\n\n<p class=\"has-dark-gray-color has-text-color has-medium-font-size\"><strong><span class=\"has-inline-color has-vivid-red-color\">Orgelkaleidoskop &#8211; eine Orgelreise durch das Hersbrucker Land<\/span><\/strong> <\/p>\n\n\n\n<p>In den Kirchen des Dekanatsbezirks Hersbruck erklingen Sonntag f\u00fcr Sonntag ca. 35 Orgeln im Gottesdienst. Dazu geh\u00f6ren Instrumente aus dem 18. Jahrhundert und neuere Instrumente aus dem 20. Jahrhundert; kleinste Orgeln mit vier Registern stehen neben der gro\u00dfen Orgel in der Hersbrucker Stadtkirche mit 46 Registern.<br>In einer Klangreihe \u00fcber mehrere Monate stellt Dekanatskantorin Heidi Brettschneider diese Instrumente vor und zeigt die Vielfalt eines klingenden Dekanats auf. Sie wird seit M\u00e4rz 2021 sonnt\u00e4glich online \u00fcber die Dekanatshomepage pr\u00e4sentiert:<\/p>\n\n\n\n<p class=\"has-vivid-cyan-blue-color has-text-color\"><a href=\"http:\/\/www.dekanat-hersbruck.de\/arbeitsbereiche\/dekanatskantorin-und-kirchenmusik\/#c962\">http:\/\/www.dekanat-hersbruck.de\/arbeitsbereiche\/dekanatskantorin-und-kirchenmusik\/#c962<\/a><\/p>\n\n\n\n<p>Einspielungen verschiedener Orgelst\u00fccke, Bildaufnahmen und eine kurze Beschreibung der jeweiligen Orgel geben Ihnen Einblicke in die Orgelwelt des Evang. Dekanatsbezirks Hersbruck. Die Aufnahmen aus Hartmannshof k\u00f6nnen Sie seit Sonntag, 11. Juli 2021 auf der Homepage des Dekanats h\u00f6ren. Wir w\u00fcnschen Ihnen viel Freude beim Zuh\u00f6ren der vielf\u00e4ltigen Orgeln im Dekanat Hersbruck.<\/p>\n","protected":false},"excerpt":{"rendered":"<p>Posaunenchor probt am Freitag um 20.00 Uhr im Gemeindehaus unter Katharina Polster, die Jungbl\u00e4ser um 19.00 Uhr. Der Posaunenchor gestaltet besondere Gottesdienste musikalisch aus, bl\u00e4st nach Wunsch bei Geburtstagen und sonstigen kirchlichen Anl\u00e4ssen.Kontakt: Posaunenchorobmann Klaus Haas, Tel. 4821. Chorproben f\u00fcr den Abendgottesdienst in der Regel treffen sich sangesfreudige Gemeindeglieder eine Stunde vor dem Abendgottesdienst und [&hellip;]<\/p>\n","protected":false},"author":1,"featured_media":0,"parent":27,"menu_order":0,"comment_status":"closed","ping_status":"closed","template":"","meta":{"footnotes":""},"class_list":["post-67","page","type-page","status-publish","hentry"],"yoast_head":"<!-- This site is optimized with the Yoast SEO plugin v27.5 - https:\/\/yoast.com\/product\/yoast-seo-wordpress\/ -->\n<title>MUSIK - Kirchengemeinde Hartmannshof<\/title>\n<meta name=\"robots\" content=\"index, follow, max-snippet:-1, max-image-preview:large, max-video-preview:-1\" \/>\n<link rel=\"canonical\" href=\"https:\/\/hannah.speleosearch.info\/wordpress\/gemeinde-leben\/musik\/\" \/>\n<meta property=\"og:locale\" content=\"de_DE\" \/>\n<meta property=\"og:type\" content=\"article\" \/>\n<meta property=\"og:title\" content=\"MUSIK - Kirchengemeinde Hartmannshof\" \/>\n<meta property=\"og:description\" content=\"Posaunenchor probt am Freitag um 20.00 Uhr im Gemeindehaus unter Katharina Polster, die Jungbl\u00e4ser um 19.00 Uhr. Der Posaunenchor gestaltet besondere Gottesdienste musikalisch aus, bl\u00e4st nach Wunsch bei Geburtstagen und sonstigen kirchlichen Anl\u00e4ssen.Kontakt: Posaunenchorobmann Klaus Haas, Tel. 4821. Chorproben f\u00fcr den Abendgottesdienst in der Regel treffen sich sangesfreudige Gemeindeglieder eine Stunde vor dem Abendgottesdienst und [&hellip;]\" \/>\n<meta property=\"og:url\" content=\"https:\/\/hannah.speleosearch.info\/wordpress\/gemeinde-leben\/musik\/\" \/>\n<meta property=\"og:site_name\" content=\"Kirchengemeinde Hartmannshof\" \/>\n<meta property=\"article:modified_time\" content=\"2023-09-21T10:05:14+00:00\" \/>\n<meta name=\"twitter:card\" content=\"summary_large_image\" \/>\n<meta name=\"twitter:label1\" content=\"Gesch\u00e4tzte Lesezeit\" \/>\n\t<meta name=\"twitter:data1\" content=\"2\u00a0Minuten\" \/>\n<script type=\"application\/ld+json\" class=\"yoast-schema-graph\">{\"@context\":\"https:\\\/\\\/schema.org\",\"@graph\":[{\"@type\":\"WebPage\",\"@id\":\"https:\\\/\\\/hannah.speleosearch.info\\\/wordpress\\\/gemeinde-leben\\\/musik\\\/\",\"url\":\"https:\\\/\\\/hannah.speleosearch.info\\\/wordpress\\\/gemeinde-leben\\\/musik\\\/\",\"name\":\"MUSIK - Kirchengemeinde Hartmannshof\",\"isPartOf\":{\"@id\":\"https:\\\/\\\/hannah.speleosearch.info\\\/wordpress\\\/#website\"},\"datePublished\":\"2013-11-19T11:10:00+00:00\",\"dateModified\":\"2023-09-21T10:05:14+00:00\",\"breadcrumb\":{\"@id\":\"https:\\\/\\\/hannah.speleosearch.info\\\/wordpress\\\/gemeinde-leben\\\/musik\\\/#breadcrumb\"},\"inLanguage\":\"de\",\"potentialAction\":[{\"@type\":\"ReadAction\",\"target\":[\"https:\\\/\\\/hannah.speleosearch.info\\\/wordpress\\\/gemeinde-leben\\\/musik\\\/\"]}]},{\"@type\":\"BreadcrumbList\",\"@id\":\"https:\\\/\\\/hannah.speleosearch.info\\\/wordpress\\\/gemeinde-leben\\\/musik\\\/#breadcrumb\",\"itemListElement\":[{\"@type\":\"ListItem\",\"position\":1,\"name\":\"Startseite\",\"item\":\"https:\\\/\\\/hannah.speleosearch.info\\\/wordpress\\\/\"},{\"@type\":\"ListItem\",\"position\":2,\"name\":\"GEMEINDE LEBEN\",\"item\":\"https:\\\/\\\/hannah.speleosearch.info\\\/wordpress\\\/gemeinde-leben\\\/\"},{\"@type\":\"ListItem\",\"position\":3,\"name\":\"MUSIK\"}]},{\"@type\":\"WebSite\",\"@id\":\"https:\\\/\\\/hannah.speleosearch.info\\\/wordpress\\\/#website\",\"url\":\"https:\\\/\\\/hannah.speleosearch.info\\\/wordpress\\\/\",\"name\":\"Kirchengemeinde Hartmannshof\",\"description\":\"\",\"potentialAction\":[{\"@type\":\"SearchAction\",\"target\":{\"@type\":\"EntryPoint\",\"urlTemplate\":\"https:\\\/\\\/hannah.speleosearch.info\\\/wordpress\\\/?s={search_term_string}\"},\"query-input\":{\"@type\":\"PropertyValueSpecification\",\"valueRequired\":true,\"valueName\":\"search_term_string\"}}],\"inLanguage\":\"de\"}]}<\/script>\n<!-- \/ Yoast SEO plugin. -->","yoast_head_json":{"title":"MUSIK - Kirchengemeinde Hartmannshof","robots":{"index":"index","follow":"follow","max-snippet":"max-snippet:-1","max-image-preview":"max-image-preview:large","max-video-preview":"max-video-preview:-1"},"canonical":"https:\/\/hannah.speleosearch.info\/wordpress\/gemeinde-leben\/musik\/","og_locale":"de_DE","og_type":"article","og_title":"MUSIK - Kirchengemeinde Hartmannshof","og_description":"Posaunenchor probt am Freitag um 20.00 Uhr im Gemeindehaus unter Katharina Polster, die Jungbl\u00e4ser um 19.00 Uhr. Der Posaunenchor gestaltet besondere Gottesdienste musikalisch aus, bl\u00e4st nach Wunsch bei Geburtstagen und sonstigen kirchlichen Anl\u00e4ssen.Kontakt: Posaunenchorobmann Klaus Haas, Tel. 4821. Chorproben f\u00fcr den Abendgottesdienst in der Regel treffen sich sangesfreudige Gemeindeglieder eine Stunde vor dem Abendgottesdienst und [&hellip;]","og_url":"https:\/\/hannah.speleosearch.info\/wordpress\/gemeinde-leben\/musik\/","og_site_name":"Kirchengemeinde Hartmannshof","article_modified_time":"2023-09-21T10:05:14+00:00","twitter_card":"summary_large_image","twitter_misc":{"Gesch\u00e4tzte Lesezeit":"2\u00a0Minuten"},"schema":{"@context":"https:\/\/schema.org","@graph":[{"@type":"WebPage","@id":"https:\/\/hannah.speleosearch.info\/wordpress\/gemeinde-leben\/musik\/","url":"https:\/\/hannah.speleosearch.info\/wordpress\/gemeinde-leben\/musik\/","name":"MUSIK - Kirchengemeinde Hartmannshof","isPartOf":{"@id":"https:\/\/hannah.speleosearch.info\/wordpress\/#website"},"datePublished":"2013-11-19T11:10:00+00:00","dateModified":"2023-09-21T10:05:14+00:00","breadcrumb":{"@id":"https:\/\/hannah.speleosearch.info\/wordpress\/gemeinde-leben\/musik\/#breadcrumb"},"inLanguage":"de","potentialAction":[{"@type":"ReadAction","target":["https:\/\/hannah.speleosearch.info\/wordpress\/gemeinde-leben\/musik\/"]}]},{"@type":"BreadcrumbList","@id":"https:\/\/hannah.speleosearch.info\/wordpress\/gemeinde-leben\/musik\/#breadcrumb","itemListElement":[{"@type":"ListItem","position":1,"name":"Startseite","item":"https:\/\/hannah.speleosearch.info\/wordpress\/"},{"@type":"ListItem","position":2,"name":"GEMEINDE LEBEN","item":"https:\/\/hannah.speleosearch.info\/wordpress\/gemeinde-leben\/"},{"@type":"ListItem","position":3,"name":"MUSIK"}]},{"@type":"WebSite","@id":"https:\/\/hannah.speleosearch.info\/wordpress\/#website","url":"https:\/\/hannah.speleosearch.info\/wordpress\/","name":"Kirchengemeinde Hartmannshof","description":"","potentialAction":[{"@type":"SearchAction","target":{"@type":"EntryPoint","urlTemplate":"https:\/\/hannah.speleosearch.info\/wordpress\/?s={search_term_string}"},"query-input":{"@type":"PropertyValueSpecification","valueRequired":true,"valueName":"search_term_string"}}],"inLanguage":"de"}]}},"_links":{"self":[{"href":"https:\/\/hannah.speleosearch.info\/wordpress\/wp-json\/wp\/v2\/pages\/67","targetHints":{"allow":["GET"]}}],"collection":[{"href":"https:\/\/hannah.speleosearch.info\/wordpress\/wp-json\/wp\/v2\/pages"}],"about":[{"href":"https:\/\/hannah.speleosearch.info\/wordpress\/wp-json\/wp\/v2\/types\/page"}],"author":[{"embeddable":true,"href":"https:\/\/hannah.speleosearch.info\/wordpress\/wp-json\/wp\/v2\/users\/1"}],"replies":[{"embeddable":true,"href":"https:\/\/hannah.speleosearch.info\/wordpress\/wp-json\/wp\/v2\/comments?post=67"}],"version-history":[{"count":15,"href":"https:\/\/hannah.speleosearch.info\/wordpress\/wp-json\/wp\/v2\/pages\/67\/revisions"}],"predecessor-version":[{"id":798,"href":"https:\/\/hannah.speleosearch.info\/wordpress\/wp-json\/wp\/v2\/pages\/67\/revisions\/798"}],"up":[{"embeddable":true,"href":"https:\/\/hannah.speleosearch.info\/wordpress\/wp-json\/wp\/v2\/pages\/27"}],"wp:attachment":[{"href":"https:\/\/hannah.speleosearch.info\/wordpress\/wp-json\/wp\/v2\/media?parent=67"}],"curies":[{"name":"wp","href":"https:\/\/api.w.org\/{rel}","templated":true}]}}