{"id":64,"date":"2013-11-19T13:08:08","date_gmt":"2013-11-19T11:08:08","guid":{"rendered":"http:\/\/hannah.speleosearch.info\/wordpress\/?page_id=64"},"modified":"2023-09-21T11:53:42","modified_gmt":"2023-09-21T09:53:42","slug":"am-sonntag","status":"publish","type":"page","link":"https:\/\/hannah.speleosearch.info\/wordpress\/gemeinde-leben\/am-sonntag\/","title":{"rendered":"AM SONNTAG"},"content":{"rendered":"<h1 dir=\"ltr\" align=\"justify\">Gottesdienst<\/h1>\n<p dir=\"ltr\" style=\"text-align: left;\" align=\"justify\">findet sonntags um 9.30 Uhr oder einmal im Monat um 18.00 Uhr statt. Am<br \/>\n1. Sonntag im Monat ist Abendmahl, abwechselnd mit Wein und Traubensaft.<\/p>\n<h1 dir=\"ltr\" align=\"left\">Abendgottesdienst<\/h1>\n<p dir=\"ltr\" style=\"text-align: left;\" align=\"left\">f\u00fcr Jugendliche, Junggebliebene und Sp\u00e4taufsteher. Er findet einmal monatlich am Sonntagabend statt. Beginn ist um 18.00 Uhr bzw. am Gr\u00fcndonnerstag und Bu\u00df- und Bettag um 19.00 Uhr. Moderne Lieder mit Klavierbegleitung und eine Predigt sind das Kennzeichen f\u00fcr diesen besonderen Gottesdienst am Abend. Um 18.00 Uhr findet gleichzeitig im Gemeindehaus ein Kindergottesdienst statt. Anschlie\u00dfend gibt es im in oder vor der Kirche noch Getr\u00e4nke und Knabbereien und die M\u00f6glichkeit zum gem\u00fctlichen Beisammensein.<\/p>\n<h1 dir=\"ltr\" align=\"left\">Familiengottesdienste<\/h1>\n<p dir=\"ltr\" style=\"text-align: left;\" align=\"justify\">gestaltet das Team des Kindergottesdienstes am 24. Dezember um 15.30 Uhr und am Ostermontag. Die Kindergottesdienstkinder arbeiten aktiv, singend oder spielend dabei mit. Weitere Termine werden im Gemeindebrief bekannt gegeben.<\/p>\n<h1 dir=\"ltr\" align=\"left\">Kirchenkaffee<\/h1>\n<p dir=\"ltr\" style=\"text-align: left;\" align=\"justify\">gibt es meistens nach dem Gottesdienst vor der Kirche. Die Konfirmandeneltern \u00fcbernehmen die Vorbereitung 2x im Jahr mit Imbiss im Gemeindehaus.<\/p>\n<h1 dir=\"ltr\" align=\"left\">Kindergottesdienst<\/h1>\n<p dir=\"ltr\" style=\"text-align: left;\" align=\"justify\">findet seit September 2022 nicht mehr statt. Das KiGo-Team bereitet drei- bis f\u00fcnfmal im Jahr Familiengottesdienste vor. M\u00f6gliche Termine sind in den Sommermonaten in einem Au\u00dfenort, Erntedank, Heiliger Abend (Kinderweihnacht).<\/p>\n<p dir=\"ltr\" style=\"text-align: left;\" align=\"justify\">Auch am Ferienprogramm beteiligt sich das Team. Im August 2023 hat es eine \u00dcbernachtung im Gemeindehaus angeboten.<\/p>\n","protected":false},"excerpt":{"rendered":"<p>Gottesdienst findet sonntags um 9.30 Uhr oder einmal im Monat um 18.00 Uhr statt. Am 1. Sonntag im Monat ist Abendmahl, abwechselnd mit Wein und Traubensaft. Abendgottesdienst f\u00fcr Jugendliche, Junggebliebene und Sp\u00e4taufsteher. Er findet einmal monatlich am Sonntagabend statt. Beginn ist um 18.00 Uhr bzw. am Gr\u00fcndonnerstag und Bu\u00df- und Bettag um 19.00 Uhr. Moderne [&hellip;]<\/p>\n","protected":false},"author":1,"featured_media":0,"parent":27,"menu_order":0,"comment_status":"closed","ping_status":"closed","template":"","meta":{"footnotes":""},"class_list":["post-64","page","type-page","status-publish","hentry"],"yoast_head":"<!-- This site is optimized with the Yoast SEO plugin v27.3 - https:\/\/yoast.com\/product\/yoast-seo-wordpress\/ -->\n<title>Evangelischer Gottesdienst in Hartmannshof<\/title>\n<meta name=\"description\" content=\"Besuchen Sie unseren Gottesdienst in der Friedenskirche Hartmannshof. In der Regel jeden Sonntag um 9.30 oder einmal im Monat um 18.00 Uhr.\" \/>\n<meta name=\"robots\" content=\"index, follow, max-snippet:-1, max-image-preview:large, max-video-preview:-1\" \/>\n<link rel=\"canonical\" href=\"https:\/\/hannah.speleosearch.info\/wordpress\/gemeinde-leben\/am-sonntag\/\" \/>\n<meta property=\"og:locale\" content=\"de_DE\" \/>\n<meta property=\"og:type\" content=\"article\" \/>\n<meta property=\"og:title\" content=\"Evangelischer Gottesdienst in Hartmannshof\" \/>\n<meta property=\"og:description\" content=\"Besuchen Sie unseren Gottesdienst in der Friedenskirche Hartmannshof. In der Regel jeden Sonntag um 9.30 oder einmal im Monat um 18.00 Uhr.\" \/>\n<meta property=\"og:url\" content=\"https:\/\/hannah.speleosearch.info\/wordpress\/gemeinde-leben\/am-sonntag\/\" \/>\n<meta property=\"og:site_name\" content=\"Kirchengemeinde Hartmannshof\" \/>\n<meta property=\"article:modified_time\" content=\"2023-09-21T09:53:42+00:00\" \/>\n<meta name=\"twitter:card\" content=\"summary_large_image\" \/>\n<meta name=\"twitter:label1\" content=\"Gesch\u00e4tzte Lesezeit\" \/>\n\t<meta name=\"twitter:data1\" content=\"2\u00a0Minuten\" \/>\n<script type=\"application\/ld+json\" class=\"yoast-schema-graph\">{\"@context\":\"https:\\\/\\\/schema.org\",\"@graph\":[{\"@type\":\"WebPage\",\"@id\":\"https:\\\/\\\/hannah.speleosearch.info\\\/wordpress\\\/gemeinde-leben\\\/am-sonntag\\\/\",\"url\":\"https:\\\/\\\/hannah.speleosearch.info\\\/wordpress\\\/gemeinde-leben\\\/am-sonntag\\\/\",\"name\":\"Evangelischer Gottesdienst in Hartmannshof\",\"isPartOf\":{\"@id\":\"https:\\\/\\\/hannah.speleosearch.info\\\/wordpress\\\/#website\"},\"datePublished\":\"2013-11-19T11:08:08+00:00\",\"dateModified\":\"2023-09-21T09:53:42+00:00\",\"description\":\"Besuchen Sie unseren Gottesdienst in der Friedenskirche Hartmannshof. In der Regel jeden Sonntag um 9.30 oder einmal im Monat um 18.00 Uhr.\",\"breadcrumb\":{\"@id\":\"https:\\\/\\\/hannah.speleosearch.info\\\/wordpress\\\/gemeinde-leben\\\/am-sonntag\\\/#breadcrumb\"},\"inLanguage\":\"de\",\"potentialAction\":[{\"@type\":\"ReadAction\",\"target\":[\"https:\\\/\\\/hannah.speleosearch.info\\\/wordpress\\\/gemeinde-leben\\\/am-sonntag\\\/\"]}]},{\"@type\":\"BreadcrumbList\",\"@id\":\"https:\\\/\\\/hannah.speleosearch.info\\\/wordpress\\\/gemeinde-leben\\\/am-sonntag\\\/#breadcrumb\",\"itemListElement\":[{\"@type\":\"ListItem\",\"position\":1,\"name\":\"Startseite\",\"item\":\"https:\\\/\\\/hannah.speleosearch.info\\\/wordpress\\\/\"},{\"@type\":\"ListItem\",\"position\":2,\"name\":\"GEMEINDE LEBEN\",\"item\":\"https:\\\/\\\/hannah.speleosearch.info\\\/wordpress\\\/gemeinde-leben\\\/\"},{\"@type\":\"ListItem\",\"position\":3,\"name\":\"AM SONNTAG\"}]},{\"@type\":\"WebSite\",\"@id\":\"https:\\\/\\\/hannah.speleosearch.info\\\/wordpress\\\/#website\",\"url\":\"https:\\\/\\\/hannah.speleosearch.info\\\/wordpress\\\/\",\"name\":\"Kirchengemeinde Hartmannshof\",\"description\":\"\",\"potentialAction\":[{\"@type\":\"SearchAction\",\"target\":{\"@type\":\"EntryPoint\",\"urlTemplate\":\"https:\\\/\\\/hannah.speleosearch.info\\\/wordpress\\\/?s={search_term_string}\"},\"query-input\":{\"@type\":\"PropertyValueSpecification\",\"valueRequired\":true,\"valueName\":\"search_term_string\"}}],\"inLanguage\":\"de\"}]}<\/script>\n<!-- \/ Yoast SEO plugin. -->","yoast_head_json":{"title":"Evangelischer Gottesdienst in Hartmannshof","description":"Besuchen Sie unseren Gottesdienst in der Friedenskirche Hartmannshof. In der Regel jeden Sonntag um 9.30 oder einmal im Monat um 18.00 Uhr.","robots":{"index":"index","follow":"follow","max-snippet":"max-snippet:-1","max-image-preview":"max-image-preview:large","max-video-preview":"max-video-preview:-1"},"canonical":"https:\/\/hannah.speleosearch.info\/wordpress\/gemeinde-leben\/am-sonntag\/","og_locale":"de_DE","og_type":"article","og_title":"Evangelischer Gottesdienst in Hartmannshof","og_description":"Besuchen Sie unseren Gottesdienst in der Friedenskirche Hartmannshof. In der Regel jeden Sonntag um 9.30 oder einmal im Monat um 18.00 Uhr.","og_url":"https:\/\/hannah.speleosearch.info\/wordpress\/gemeinde-leben\/am-sonntag\/","og_site_name":"Kirchengemeinde Hartmannshof","article_modified_time":"2023-09-21T09:53:42+00:00","twitter_card":"summary_large_image","twitter_misc":{"Gesch\u00e4tzte Lesezeit":"2\u00a0Minuten"},"schema":{"@context":"https:\/\/schema.org","@graph":[{"@type":"WebPage","@id":"https:\/\/hannah.speleosearch.info\/wordpress\/gemeinde-leben\/am-sonntag\/","url":"https:\/\/hannah.speleosearch.info\/wordpress\/gemeinde-leben\/am-sonntag\/","name":"Evangelischer Gottesdienst in Hartmannshof","isPartOf":{"@id":"https:\/\/hannah.speleosearch.info\/wordpress\/#website"},"datePublished":"2013-11-19T11:08:08+00:00","dateModified":"2023-09-21T09:53:42+00:00","description":"Besuchen Sie unseren Gottesdienst in der Friedenskirche Hartmannshof. In der Regel jeden Sonntag um 9.30 oder einmal im Monat um 18.00 Uhr.","breadcrumb":{"@id":"https:\/\/hannah.speleosearch.info\/wordpress\/gemeinde-leben\/am-sonntag\/#breadcrumb"},"inLanguage":"de","potentialAction":[{"@type":"ReadAction","target":["https:\/\/hannah.speleosearch.info\/wordpress\/gemeinde-leben\/am-sonntag\/"]}]},{"@type":"BreadcrumbList","@id":"https:\/\/hannah.speleosearch.info\/wordpress\/gemeinde-leben\/am-sonntag\/#breadcrumb","itemListElement":[{"@type":"ListItem","position":1,"name":"Startseite","item":"https:\/\/hannah.speleosearch.info\/wordpress\/"},{"@type":"ListItem","position":2,"name":"GEMEINDE LEBEN","item":"https:\/\/hannah.speleosearch.info\/wordpress\/gemeinde-leben\/"},{"@type":"ListItem","position":3,"name":"AM SONNTAG"}]},{"@type":"WebSite","@id":"https:\/\/hannah.speleosearch.info\/wordpress\/#website","url":"https:\/\/hannah.speleosearch.info\/wordpress\/","name":"Kirchengemeinde Hartmannshof","description":"","potentialAction":[{"@type":"SearchAction","target":{"@type":"EntryPoint","urlTemplate":"https:\/\/hannah.speleosearch.info\/wordpress\/?s={search_term_string}"},"query-input":{"@type":"PropertyValueSpecification","valueRequired":true,"valueName":"search_term_string"}}],"inLanguage":"de"}]}},"_links":{"self":[{"href":"https:\/\/hannah.speleosearch.info\/wordpress\/wp-json\/wp\/v2\/pages\/64","targetHints":{"allow":["GET"]}}],"collection":[{"href":"https:\/\/hannah.speleosearch.info\/wordpress\/wp-json\/wp\/v2\/pages"}],"about":[{"href":"https:\/\/hannah.speleosearch.info\/wordpress\/wp-json\/wp\/v2\/types\/page"}],"author":[{"embeddable":true,"href":"https:\/\/hannah.speleosearch.info\/wordpress\/wp-json\/wp\/v2\/users\/1"}],"replies":[{"embeddable":true,"href":"https:\/\/hannah.speleosearch.info\/wordpress\/wp-json\/wp\/v2\/comments?post=64"}],"version-history":[{"count":16,"href":"https:\/\/hannah.speleosearch.info\/wordpress\/wp-json\/wp\/v2\/pages\/64\/revisions"}],"predecessor-version":[{"id":794,"href":"https:\/\/hannah.speleosearch.info\/wordpress\/wp-json\/wp\/v2\/pages\/64\/revisions\/794"}],"up":[{"embeddable":true,"href":"https:\/\/hannah.speleosearch.info\/wordpress\/wp-json\/wp\/v2\/pages\/27"}],"wp:attachment":[{"href":"https:\/\/hannah.speleosearch.info\/wordpress\/wp-json\/wp\/v2\/media?parent=64"}],"curies":[{"name":"wp","href":"https:\/\/api.w.org\/{rel}","templated":true}]}}