{"id":34,"date":"2013-11-19T13:08:08","date_gmt":"2013-11-19T11:08:08","guid":{"rendered":"http:\/\/hannah.speleosearch.info\/wordpress\/?page_id=34"},"modified":"2022-02-11T20:07:48","modified_gmt":"2022-02-11T18:07:48","slug":"diakonie","status":"publish","type":"page","link":"https:\/\/hannah.speleosearch.info\/wordpress\/diakonie\/","title":{"rendered":"DIAKONIE"},"content":{"rendered":"\n<p>Der Diakonieverein Hartmannshof unterst\u00fctzt die Mitarbeiter der h\u00e4uslichen Pflege und Hauswirtschaft der Diakoniestation Hartmannshof. Sie ist angeschlossen an die Vereinigten Diakoniestationen des Diakonischen Werkes Altdorf-Hersbruck-Neumarkt. <\/p>\n\n\n\n<p>F\u00fcr Fragen rund um ambulante h\u00e4usliche Pflege, Tagespflege und Pflegeberatung wenden Sie sich bitte an die Station in der Hirtenb\u00fchlstr. 5, 91217 Hersbruck, Telefon: 09151-86 28 80.<\/p>\n\n\n\n<p>Informationen \u00fcber weitere Angebote erhalten Sie in der Verwaltung des diakonischen Werkes Hersbruck am Nikolaus-Selnecker-Platz 2, 91217 Hersbruck, Telefon 09151-83 77 0.<\/p>\n\n\n\n<p>Die 1. Vorsitzende des Diakonievereins Hartmannshof ist Frau Nicole Andresen. <br>Bei Fragen, wenden Sie sich bitte an das Pfarramt Hartmannshof, Telefon 09154-48 30.<\/p>\n\n\n\n<p>Wenn Sie Mitglied des Diakonievereins Hartmannshof werden m\u00f6chten, so k\u00f6nnen Sie hier den Antrag herunterladen und ausgef\u00fcllt im Pfarramt abgeben.<\/p>\n\n\n\n<div class=\"wp-block-file\"><a id=\"wp-block-file--media-98604e6c-2524-45a5-9b56-5b4024c9093c\" href=\"https:\/\/hannah.speleosearch.info\/wordpress\/wp-content\/uploads\/2020\/10\/2020_09_Beitrittserkl\u00e4rung_Diakonieverein.pdf\">Beitrittserkl\u00e4rung Diakonieverein<\/a><a href=\"https:\/\/hannah.speleosearch.info\/wordpress\/wp-content\/uploads\/2020\/10\/2020_09_Beitrittserkl\u00e4rung_Diakonieverein.pdf\" class=\"wp-block-file__button\" download aria-describedby=\"wp-block-file--media-98604e6c-2524-45a5-9b56-5b4024c9093c\">Herunterladen<\/a><\/div>\n\n\n\n<p>Bei der Jahreshauptversammlung am 5. Dezember 2021 wurden folgende Personen f\u00fcr vier Jahre in den Vorstand des Diakonievereins gew\u00e4hlt:<\/p>\n\n\n\n<p>1. Vorsitzende: Nicole Andresen<br>2. Vorsitzende: Margit Tausendpfund<br>Kassier: Kay Andresen<br>Schriftf\u00fchrerin: Sabine Maul<br>Beisitzerinnen: Andrea Bielesch, Elke H\u00e4mmerl und Beate Herbst<br>Kassenpr\u00fcferinnen: Anni Maier und Dagmar Bauer<\/p>\n\n\n\n<p><\/p>\n\n\n\n<p><strong>Spendenkonto des Diakonievereins Hartmannshof:<\/strong><br>DE42 7606 1482 0000 2705 71<br>Raiffeisenbank Hartmannshof<\/p>\n","protected":false},"excerpt":{"rendered":"<p>Der Diakonieverein Hartmannshof unterst\u00fctzt die Mitarbeiter der h\u00e4uslichen Pflege und Hauswirtschaft der Diakoniestation Hartmannshof. Sie ist angeschlossen an die Vereinigten Diakoniestationen des Diakonischen Werkes Altdorf-Hersbruck-Neumarkt. F\u00fcr Fragen rund um ambulante h\u00e4usliche Pflege, Tagespflege und Pflegeberatung wenden Sie sich bitte an die Station in der Hirtenb\u00fchlstr. 5, 91217 Hersbruck, Telefon: 09151-86 28 80. Informationen \u00fcber weitere [&hellip;]<\/p>\n","protected":false},"author":1,"featured_media":0,"parent":0,"menu_order":0,"comment_status":"closed","ping_status":"closed","template":"","meta":{"footnotes":""},"class_list":["post-34","page","type-page","status-publish","hentry"],"yoast_head":"<!-- This site is optimized with the Yoast SEO plugin v27.5 - https:\/\/yoast.com\/product\/yoast-seo-wordpress\/ -->\n<title>Diakonieverein Hartmannshof - Evang.-Luth. Kirchengemeinde Hartmannshof<\/title>\n<meta name=\"description\" content=\"Diakonieverein Hartmannshof - hier finden Sie weitere Infos zu Vorstand, Verein und Beitrittsformular\" \/>\n<meta name=\"robots\" content=\"index, follow, max-snippet:-1, max-image-preview:large, max-video-preview:-1\" \/>\n<link rel=\"canonical\" href=\"https:\/\/hannah.speleosearch.info\/wordpress\/diakonie\/\" \/>\n<meta property=\"og:locale\" content=\"de_DE\" \/>\n<meta property=\"og:type\" content=\"article\" \/>\n<meta property=\"og:title\" content=\"Diakonieverein Hartmannshof - Evang.-Luth. Kirchengemeinde Hartmannshof\" \/>\n<meta property=\"og:description\" content=\"Diakonieverein Hartmannshof - hier finden Sie weitere Infos zu Vorstand, Verein und Beitrittsformular\" \/>\n<meta property=\"og:url\" content=\"https:\/\/hannah.speleosearch.info\/wordpress\/diakonie\/\" \/>\n<meta property=\"og:site_name\" content=\"Kirchengemeinde Hartmannshof\" \/>\n<meta property=\"article:modified_time\" content=\"2022-02-11T18:07:48+00:00\" \/>\n<meta name=\"twitter:card\" content=\"summary_large_image\" \/>\n<meta name=\"twitter:label1\" content=\"Gesch\u00e4tzte Lesezeit\" \/>\n\t<meta name=\"twitter:data1\" content=\"1\u00a0Minute\" \/>\n<script type=\"application\/ld+json\" class=\"yoast-schema-graph\">{\"@context\":\"https:\\\/\\\/schema.org\",\"@graph\":[{\"@type\":\"WebPage\",\"@id\":\"https:\\\/\\\/hannah.speleosearch.info\\\/wordpress\\\/diakonie\\\/\",\"url\":\"https:\\\/\\\/hannah.speleosearch.info\\\/wordpress\\\/diakonie\\\/\",\"name\":\"Diakonieverein Hartmannshof - Evang.-Luth. Kirchengemeinde Hartmannshof\",\"isPartOf\":{\"@id\":\"https:\\\/\\\/hannah.speleosearch.info\\\/wordpress\\\/#website\"},\"datePublished\":\"2013-11-19T11:08:08+00:00\",\"dateModified\":\"2022-02-11T18:07:48+00:00\",\"description\":\"Diakonieverein Hartmannshof - hier finden Sie weitere Infos zu Vorstand, Verein und Beitrittsformular\",\"breadcrumb\":{\"@id\":\"https:\\\/\\\/hannah.speleosearch.info\\\/wordpress\\\/diakonie\\\/#breadcrumb\"},\"inLanguage\":\"de\",\"potentialAction\":[{\"@type\":\"ReadAction\",\"target\":[\"https:\\\/\\\/hannah.speleosearch.info\\\/wordpress\\\/diakonie\\\/\"]}]},{\"@type\":\"BreadcrumbList\",\"@id\":\"https:\\\/\\\/hannah.speleosearch.info\\\/wordpress\\\/diakonie\\\/#breadcrumb\",\"itemListElement\":[{\"@type\":\"ListItem\",\"position\":1,\"name\":\"Startseite\",\"item\":\"https:\\\/\\\/hannah.speleosearch.info\\\/wordpress\\\/\"},{\"@type\":\"ListItem\",\"position\":2,\"name\":\"DIAKONIE\"}]},{\"@type\":\"WebSite\",\"@id\":\"https:\\\/\\\/hannah.speleosearch.info\\\/wordpress\\\/#website\",\"url\":\"https:\\\/\\\/hannah.speleosearch.info\\\/wordpress\\\/\",\"name\":\"Kirchengemeinde Hartmannshof\",\"description\":\"\",\"potentialAction\":[{\"@type\":\"SearchAction\",\"target\":{\"@type\":\"EntryPoint\",\"urlTemplate\":\"https:\\\/\\\/hannah.speleosearch.info\\\/wordpress\\\/?s={search_term_string}\"},\"query-input\":{\"@type\":\"PropertyValueSpecification\",\"valueRequired\":true,\"valueName\":\"search_term_string\"}}],\"inLanguage\":\"de\"}]}<\/script>\n<!-- \/ Yoast SEO plugin. -->","yoast_head_json":{"title":"Diakonieverein Hartmannshof - Evang.-Luth. Kirchengemeinde Hartmannshof","description":"Diakonieverein Hartmannshof - hier finden Sie weitere Infos zu Vorstand, Verein und Beitrittsformular","robots":{"index":"index","follow":"follow","max-snippet":"max-snippet:-1","max-image-preview":"max-image-preview:large","max-video-preview":"max-video-preview:-1"},"canonical":"https:\/\/hannah.speleosearch.info\/wordpress\/diakonie\/","og_locale":"de_DE","og_type":"article","og_title":"Diakonieverein Hartmannshof - Evang.-Luth. Kirchengemeinde Hartmannshof","og_description":"Diakonieverein Hartmannshof - hier finden Sie weitere Infos zu Vorstand, Verein und Beitrittsformular","og_url":"https:\/\/hannah.speleosearch.info\/wordpress\/diakonie\/","og_site_name":"Kirchengemeinde Hartmannshof","article_modified_time":"2022-02-11T18:07:48+00:00","twitter_card":"summary_large_image","twitter_misc":{"Gesch\u00e4tzte Lesezeit":"1\u00a0Minute"},"schema":{"@context":"https:\/\/schema.org","@graph":[{"@type":"WebPage","@id":"https:\/\/hannah.speleosearch.info\/wordpress\/diakonie\/","url":"https:\/\/hannah.speleosearch.info\/wordpress\/diakonie\/","name":"Diakonieverein Hartmannshof - Evang.-Luth. Kirchengemeinde Hartmannshof","isPartOf":{"@id":"https:\/\/hannah.speleosearch.info\/wordpress\/#website"},"datePublished":"2013-11-19T11:08:08+00:00","dateModified":"2022-02-11T18:07:48+00:00","description":"Diakonieverein Hartmannshof - hier finden Sie weitere Infos zu Vorstand, Verein und Beitrittsformular","breadcrumb":{"@id":"https:\/\/hannah.speleosearch.info\/wordpress\/diakonie\/#breadcrumb"},"inLanguage":"de","potentialAction":[{"@type":"ReadAction","target":["https:\/\/hannah.speleosearch.info\/wordpress\/diakonie\/"]}]},{"@type":"BreadcrumbList","@id":"https:\/\/hannah.speleosearch.info\/wordpress\/diakonie\/#breadcrumb","itemListElement":[{"@type":"ListItem","position":1,"name":"Startseite","item":"https:\/\/hannah.speleosearch.info\/wordpress\/"},{"@type":"ListItem","position":2,"name":"DIAKONIE"}]},{"@type":"WebSite","@id":"https:\/\/hannah.speleosearch.info\/wordpress\/#website","url":"https:\/\/hannah.speleosearch.info\/wordpress\/","name":"Kirchengemeinde Hartmannshof","description":"","potentialAction":[{"@type":"SearchAction","target":{"@type":"EntryPoint","urlTemplate":"https:\/\/hannah.speleosearch.info\/wordpress\/?s={search_term_string}"},"query-input":{"@type":"PropertyValueSpecification","valueRequired":true,"valueName":"search_term_string"}}],"inLanguage":"de"}]}},"_links":{"self":[{"href":"https:\/\/hannah.speleosearch.info\/wordpress\/wp-json\/wp\/v2\/pages\/34","targetHints":{"allow":["GET"]}}],"collection":[{"href":"https:\/\/hannah.speleosearch.info\/wordpress\/wp-json\/wp\/v2\/pages"}],"about":[{"href":"https:\/\/hannah.speleosearch.info\/wordpress\/wp-json\/wp\/v2\/types\/page"}],"author":[{"embeddable":true,"href":"https:\/\/hannah.speleosearch.info\/wordpress\/wp-json\/wp\/v2\/users\/1"}],"replies":[{"embeddable":true,"href":"https:\/\/hannah.speleosearch.info\/wordpress\/wp-json\/wp\/v2\/comments?post=34"}],"version-history":[{"count":18,"href":"https:\/\/hannah.speleosearch.info\/wordpress\/wp-json\/wp\/v2\/pages\/34\/revisions"}],"predecessor-version":[{"id":743,"href":"https:\/\/hannah.speleosearch.info\/wordpress\/wp-json\/wp\/v2\/pages\/34\/revisions\/743"}],"wp:attachment":[{"href":"https:\/\/hannah.speleosearch.info\/wordpress\/wp-json\/wp\/v2\/media?parent=34"}],"curies":[{"name":"wp","href":"https:\/\/api.w.org\/{rel}","templated":true}]}}