{"id":30,"date":"2013-11-18T15:47:09","date_gmt":"2013-11-18T13:47:09","guid":{"rendered":"http:\/\/hannah.speleosearch.info\/wordpress\/?page_id=30"},"modified":"2025-02-27T12:58:00","modified_gmt":"2025-02-27T10:58:00","slug":"kirchenvorstand","status":"publish","type":"page","link":"https:\/\/hannah.speleosearch.info\/wordpress\/kontakt\/kirchenvorstand\/","title":{"rendered":"KIRCHENVORSTAND"},"content":{"rendered":"<h1>Kirchenvorstandes der Pfarrei H\u00f6genbach-Hirschbachtal\u00a0<\/h1>\n<p>Mit den drei Geistlichen Pfarrer Martin P\u00f6schen, Pfarrerin Renate Schauer und Julia Schukat wurden die neuen Kirchenvorst\u00e4nde am 1. Dezember 2024 f\u00fcr die n\u00e4chsten sechs Jahre in ihr Amt eingef\u00fchrt:<\/p>\n<p>\u00a0<\/p>\n<p>Wenn Sie Fragen, Anliegen oder Anregungen haben oder ein seelsorgerliches Gespr\u00e4ch w\u00fcnschen, k\u00f6nnen Sie jederzeit im Pfarramt (Telefon 09154 1283) anrufen.<\/p>\n\n\n<figure class=\"wp-block-image size-large\"><a href=\"https:\/\/hannah.speleosearch.info\/wordpress\/wp-content\/uploads\/2025\/02\/2024-12-KV-Pfarrei_001.jpg\"><img loading=\"lazy\" decoding=\"async\" width=\"740\" height=\"1024\" src=\"https:\/\/hannah.speleosearch.info\/wordpress\/wp-content\/uploads\/2025\/02\/2024-12-KV-Pfarrei_001-740x1024.jpg\" alt=\"\" class=\"wp-image-822\" srcset=\"https:\/\/hannah.speleosearch.info\/wordpress\/wp-content\/uploads\/2025\/02\/2024-12-KV-Pfarrei_001-740x1024.jpg 740w, https:\/\/hannah.speleosearch.info\/wordpress\/wp-content\/uploads\/2025\/02\/2024-12-KV-Pfarrei_001-217x300.jpg 217w, https:\/\/hannah.speleosearch.info\/wordpress\/wp-content\/uploads\/2025\/02\/2024-12-KV-Pfarrei_001-768x1063.jpg 768w, https:\/\/hannah.speleosearch.info\/wordpress\/wp-content\/uploads\/2025\/02\/2024-12-KV-Pfarrei_001-1110x1536.jpg 1110w, https:\/\/hannah.speleosearch.info\/wordpress\/wp-content\/uploads\/2025\/02\/2024-12-KV-Pfarrei_001-1480x2048.jpg 1480w, https:\/\/hannah.speleosearch.info\/wordpress\/wp-content\/uploads\/2025\/02\/2024-12-KV-Pfarrei_001-624x864.jpg 624w, https:\/\/hannah.speleosearch.info\/wordpress\/wp-content\/uploads\/2025\/02\/2024-12-KV-Pfarrei_001.jpg 1490w\" sizes=\"auto, (max-width: 740px) 100vw, 740px\" \/><\/a><\/figure>\n","protected":false},"excerpt":{"rendered":"<p>Kirchenvorstandes der Pfarrei H\u00f6genbach-Hirschbachtal\u00a0 Mit den drei Geistlichen Pfarrer Martin P\u00f6schen, Pfarrerin Renate Schauer und Julia Schukat wurden die neuen Kirchenvorst\u00e4nde am 1. Dezember 2024 f\u00fcr die n\u00e4chsten sechs Jahre in ihr Amt eingef\u00fchrt: \u00a0 Wenn Sie Fragen, Anliegen oder Anregungen haben oder ein seelsorgerliches Gespr\u00e4ch w\u00fcnschen, k\u00f6nnen Sie jederzeit im Pfarramt (Telefon 09154 1283) [&hellip;]<\/p>\n","protected":false},"author":1,"featured_media":0,"parent":7,"menu_order":0,"comment_status":"closed","ping_status":"closed","template":"","meta":{"footnotes":""},"class_list":["post-30","page","type-page","status-publish","hentry"],"yoast_head":"<!-- This site is optimized with the Yoast SEO plugin v27.5 - https:\/\/yoast.com\/product\/yoast-seo-wordpress\/ -->\n<title>KIRCHENVORSTAND - Kirchengemeinde Hartmannshof<\/title>\n<meta name=\"robots\" content=\"index, follow, max-snippet:-1, max-image-preview:large, max-video-preview:-1\" \/>\n<link rel=\"canonical\" href=\"https:\/\/hannah.speleosearch.info\/wordpress\/kontakt\/kirchenvorstand\/\" \/>\n<meta property=\"og:locale\" content=\"de_DE\" \/>\n<meta property=\"og:type\" content=\"article\" \/>\n<meta property=\"og:title\" content=\"KIRCHENVORSTAND - Kirchengemeinde Hartmannshof\" \/>\n<meta property=\"og:description\" content=\"Kirchenvorstandes der Pfarrei H\u00f6genbach-Hirschbachtal\u00a0 Mit den drei Geistlichen Pfarrer Martin P\u00f6schen, Pfarrerin Renate Schauer und Julia Schukat wurden die neuen Kirchenvorst\u00e4nde am 1. Dezember 2024 f\u00fcr die n\u00e4chsten sechs Jahre in ihr Amt eingef\u00fchrt: \u00a0 Wenn Sie Fragen, Anliegen oder Anregungen haben oder ein seelsorgerliches Gespr\u00e4ch w\u00fcnschen, k\u00f6nnen Sie jederzeit im Pfarramt (Telefon 09154 1283) [&hellip;]\" \/>\n<meta property=\"og:url\" content=\"https:\/\/hannah.speleosearch.info\/wordpress\/kontakt\/kirchenvorstand\/\" \/>\n<meta property=\"og:site_name\" content=\"Kirchengemeinde Hartmannshof\" \/>\n<meta property=\"article:modified_time\" content=\"2025-02-27T10:58:00+00:00\" \/>\n<meta property=\"og:image\" content=\"https:\/\/hannah.speleosearch.info\/wordpress\/wp-content\/uploads\/2025\/02\/2024-12-KV-Pfarrei_001.jpg\" \/>\n\t<meta property=\"og:image:width\" content=\"1490\" \/>\n\t<meta property=\"og:image:height\" content=\"2062\" \/>\n\t<meta property=\"og:image:type\" content=\"image\/jpeg\" \/>\n<meta name=\"twitter:card\" content=\"summary_large_image\" \/>\n<meta name=\"twitter:label1\" content=\"Gesch\u00e4tzte Lesezeit\" \/>\n\t<meta name=\"twitter:data1\" content=\"1\u00a0Minute\" \/>\n<script type=\"application\/ld+json\" class=\"yoast-schema-graph\">{\"@context\":\"https:\\\/\\\/schema.org\",\"@graph\":[{\"@type\":\"WebPage\",\"@id\":\"https:\\\/\\\/hannah.speleosearch.info\\\/wordpress\\\/kontakt\\\/kirchenvorstand\\\/\",\"url\":\"https:\\\/\\\/hannah.speleosearch.info\\\/wordpress\\\/kontakt\\\/kirchenvorstand\\\/\",\"name\":\"KIRCHENVORSTAND - Kirchengemeinde Hartmannshof\",\"isPartOf\":{\"@id\":\"https:\\\/\\\/hannah.speleosearch.info\\\/wordpress\\\/#website\"},\"primaryImageOfPage\":{\"@id\":\"https:\\\/\\\/hannah.speleosearch.info\\\/wordpress\\\/kontakt\\\/kirchenvorstand\\\/#primaryimage\"},\"image\":{\"@id\":\"https:\\\/\\\/hannah.speleosearch.info\\\/wordpress\\\/kontakt\\\/kirchenvorstand\\\/#primaryimage\"},\"thumbnailUrl\":\"https:\\\/\\\/hannah.speleosearch.info\\\/wordpress\\\/wp-content\\\/uploads\\\/2025\\\/02\\\/2024-12-KV-Pfarrei_001-740x1024.jpg\",\"datePublished\":\"2013-11-18T13:47:09+00:00\",\"dateModified\":\"2025-02-27T10:58:00+00:00\",\"breadcrumb\":{\"@id\":\"https:\\\/\\\/hannah.speleosearch.info\\\/wordpress\\\/kontakt\\\/kirchenvorstand\\\/#breadcrumb\"},\"inLanguage\":\"de\",\"potentialAction\":[{\"@type\":\"ReadAction\",\"target\":[\"https:\\\/\\\/hannah.speleosearch.info\\\/wordpress\\\/kontakt\\\/kirchenvorstand\\\/\"]}]},{\"@type\":\"ImageObject\",\"inLanguage\":\"de\",\"@id\":\"https:\\\/\\\/hannah.speleosearch.info\\\/wordpress\\\/kontakt\\\/kirchenvorstand\\\/#primaryimage\",\"url\":\"https:\\\/\\\/hannah.speleosearch.info\\\/wordpress\\\/wp-content\\\/uploads\\\/2025\\\/02\\\/2024-12-KV-Pfarrei_001.jpg\",\"contentUrl\":\"https:\\\/\\\/hannah.speleosearch.info\\\/wordpress\\\/wp-content\\\/uploads\\\/2025\\\/02\\\/2024-12-KV-Pfarrei_001.jpg\",\"width\":1490,\"height\":2062},{\"@type\":\"BreadcrumbList\",\"@id\":\"https:\\\/\\\/hannah.speleosearch.info\\\/wordpress\\\/kontakt\\\/kirchenvorstand\\\/#breadcrumb\",\"itemListElement\":[{\"@type\":\"ListItem\",\"position\":1,\"name\":\"Startseite\",\"item\":\"https:\\\/\\\/hannah.speleosearch.info\\\/wordpress\\\/\"},{\"@type\":\"ListItem\",\"position\":2,\"name\":\"KONTAKT\",\"item\":\"https:\\\/\\\/hannah.speleosearch.info\\\/wordpress\\\/kontakt\\\/\"},{\"@type\":\"ListItem\",\"position\":3,\"name\":\"KIRCHENVORSTAND\"}]},{\"@type\":\"WebSite\",\"@id\":\"https:\\\/\\\/hannah.speleosearch.info\\\/wordpress\\\/#website\",\"url\":\"https:\\\/\\\/hannah.speleosearch.info\\\/wordpress\\\/\",\"name\":\"Kirchengemeinde Hartmannshof\",\"description\":\"\",\"potentialAction\":[{\"@type\":\"SearchAction\",\"target\":{\"@type\":\"EntryPoint\",\"urlTemplate\":\"https:\\\/\\\/hannah.speleosearch.info\\\/wordpress\\\/?s={search_term_string}\"},\"query-input\":{\"@type\":\"PropertyValueSpecification\",\"valueRequired\":true,\"valueName\":\"search_term_string\"}}],\"inLanguage\":\"de\"}]}<\/script>\n<!-- \/ Yoast SEO plugin. -->","yoast_head_json":{"title":"KIRCHENVORSTAND - Kirchengemeinde Hartmannshof","robots":{"index":"index","follow":"follow","max-snippet":"max-snippet:-1","max-image-preview":"max-image-preview:large","max-video-preview":"max-video-preview:-1"},"canonical":"https:\/\/hannah.speleosearch.info\/wordpress\/kontakt\/kirchenvorstand\/","og_locale":"de_DE","og_type":"article","og_title":"KIRCHENVORSTAND - Kirchengemeinde Hartmannshof","og_description":"Kirchenvorstandes der Pfarrei H\u00f6genbach-Hirschbachtal\u00a0 Mit den drei Geistlichen Pfarrer Martin P\u00f6schen, Pfarrerin Renate Schauer und Julia Schukat wurden die neuen Kirchenvorst\u00e4nde am 1. Dezember 2024 f\u00fcr die n\u00e4chsten sechs Jahre in ihr Amt eingef\u00fchrt: \u00a0 Wenn Sie Fragen, Anliegen oder Anregungen haben oder ein seelsorgerliches Gespr\u00e4ch w\u00fcnschen, k\u00f6nnen Sie jederzeit im Pfarramt (Telefon 09154 1283) [&hellip;]","og_url":"https:\/\/hannah.speleosearch.info\/wordpress\/kontakt\/kirchenvorstand\/","og_site_name":"Kirchengemeinde Hartmannshof","article_modified_time":"2025-02-27T10:58:00+00:00","og_image":[{"width":1490,"height":2062,"url":"https:\/\/hannah.speleosearch.info\/wordpress\/wp-content\/uploads\/2025\/02\/2024-12-KV-Pfarrei_001.jpg","type":"image\/jpeg"}],"twitter_card":"summary_large_image","twitter_misc":{"Gesch\u00e4tzte Lesezeit":"1\u00a0Minute"},"schema":{"@context":"https:\/\/schema.org","@graph":[{"@type":"WebPage","@id":"https:\/\/hannah.speleosearch.info\/wordpress\/kontakt\/kirchenvorstand\/","url":"https:\/\/hannah.speleosearch.info\/wordpress\/kontakt\/kirchenvorstand\/","name":"KIRCHENVORSTAND - Kirchengemeinde Hartmannshof","isPartOf":{"@id":"https:\/\/hannah.speleosearch.info\/wordpress\/#website"},"primaryImageOfPage":{"@id":"https:\/\/hannah.speleosearch.info\/wordpress\/kontakt\/kirchenvorstand\/#primaryimage"},"image":{"@id":"https:\/\/hannah.speleosearch.info\/wordpress\/kontakt\/kirchenvorstand\/#primaryimage"},"thumbnailUrl":"https:\/\/hannah.speleosearch.info\/wordpress\/wp-content\/uploads\/2025\/02\/2024-12-KV-Pfarrei_001-740x1024.jpg","datePublished":"2013-11-18T13:47:09+00:00","dateModified":"2025-02-27T10:58:00+00:00","breadcrumb":{"@id":"https:\/\/hannah.speleosearch.info\/wordpress\/kontakt\/kirchenvorstand\/#breadcrumb"},"inLanguage":"de","potentialAction":[{"@type":"ReadAction","target":["https:\/\/hannah.speleosearch.info\/wordpress\/kontakt\/kirchenvorstand\/"]}]},{"@type":"ImageObject","inLanguage":"de","@id":"https:\/\/hannah.speleosearch.info\/wordpress\/kontakt\/kirchenvorstand\/#primaryimage","url":"https:\/\/hannah.speleosearch.info\/wordpress\/wp-content\/uploads\/2025\/02\/2024-12-KV-Pfarrei_001.jpg","contentUrl":"https:\/\/hannah.speleosearch.info\/wordpress\/wp-content\/uploads\/2025\/02\/2024-12-KV-Pfarrei_001.jpg","width":1490,"height":2062},{"@type":"BreadcrumbList","@id":"https:\/\/hannah.speleosearch.info\/wordpress\/kontakt\/kirchenvorstand\/#breadcrumb","itemListElement":[{"@type":"ListItem","position":1,"name":"Startseite","item":"https:\/\/hannah.speleosearch.info\/wordpress\/"},{"@type":"ListItem","position":2,"name":"KONTAKT","item":"https:\/\/hannah.speleosearch.info\/wordpress\/kontakt\/"},{"@type":"ListItem","position":3,"name":"KIRCHENVORSTAND"}]},{"@type":"WebSite","@id":"https:\/\/hannah.speleosearch.info\/wordpress\/#website","url":"https:\/\/hannah.speleosearch.info\/wordpress\/","name":"Kirchengemeinde Hartmannshof","description":"","potentialAction":[{"@type":"SearchAction","target":{"@type":"EntryPoint","urlTemplate":"https:\/\/hannah.speleosearch.info\/wordpress\/?s={search_term_string}"},"query-input":{"@type":"PropertyValueSpecification","valueRequired":true,"valueName":"search_term_string"}}],"inLanguage":"de"}]}},"_links":{"self":[{"href":"https:\/\/hannah.speleosearch.info\/wordpress\/wp-json\/wp\/v2\/pages\/30","targetHints":{"allow":["GET"]}}],"collection":[{"href":"https:\/\/hannah.speleosearch.info\/wordpress\/wp-json\/wp\/v2\/pages"}],"about":[{"href":"https:\/\/hannah.speleosearch.info\/wordpress\/wp-json\/wp\/v2\/types\/page"}],"author":[{"embeddable":true,"href":"https:\/\/hannah.speleosearch.info\/wordpress\/wp-json\/wp\/v2\/users\/1"}],"replies":[{"embeddable":true,"href":"https:\/\/hannah.speleosearch.info\/wordpress\/wp-json\/wp\/v2\/comments?post=30"}],"version-history":[{"count":22,"href":"https:\/\/hannah.speleosearch.info\/wordpress\/wp-json\/wp\/v2\/pages\/30\/revisions"}],"predecessor-version":[{"id":824,"href":"https:\/\/hannah.speleosearch.info\/wordpress\/wp-json\/wp\/v2\/pages\/30\/revisions\/824"}],"up":[{"embeddable":true,"href":"https:\/\/hannah.speleosearch.info\/wordpress\/wp-json\/wp\/v2\/pages\/7"}],"wp:attachment":[{"href":"https:\/\/hannah.speleosearch.info\/wordpress\/wp-json\/wp\/v2\/media?parent=30"}],"curies":[{"name":"wp","href":"https:\/\/api.w.org\/{rel}","templated":true}]}}