{"id":10,"date":"2013-11-18T14:56:12","date_gmt":"2013-11-18T12:56:12","guid":{"rendered":"http:\/\/hannah.speleosearch.info\/wordpress\/?page_id=10"},"modified":"2024-04-17T11:56:00","modified_gmt":"2024-04-17T09:56:00","slug":"buro","status":"publish","type":"page","link":"https:\/\/hannah.speleosearch.info\/wordpress\/kontakt\/buro\/","title":{"rendered":"B\u00dcRO"},"content":{"rendered":"<p><strong>Pfarrei H\u00f6genbach-Hirschbachtal<\/strong><br \/>Kirchplatz 7<br \/>91224 Pommelsbrunn<br \/>Telefon (09154) 12 83<br \/><a href=\"mailto:pfarrei.hoegenbach-hirschbachtal@elkb.de\">pfarrei.hoegenbach-hirschbachtal@elkb.de<\/a><\/p>\n<p><strong>B\u00fcrostunden:<br \/><\/strong>Montag 15.00 &#8211; 17.00 Uhr<br \/>Dienstag 9.00 &#8211; 12.00 Uhr<br \/>Mittwoch 15.00 &#8211; 17.00 Uhr<br \/>Donnerstag 9.00 &#8211; 12.00 Uhr<\/p>\n<p><strong>Spendenkonto:<br \/><\/strong>Sparkasse N\u00fcrnberg<br \/>IBAN: DE05 7605 0101 0190 0604 83<br \/>BIC: SS KN DE 77 XXX<\/p>\n\n\n<p><strong>Kirchgeldkonto:<br><\/strong>Sparkasse N\u00fcrnberg<br>IBAN: DE70 7605 0101 0190 0609 62<br>BIC: SS KN DE 77 XXX <\/p>\n\n\n\n<p><strong>Geb\u00fchren:<br><\/strong>Evangelische Bank<br>IBAN: DE77 5206 0410 0301 5010 03<\/p>\n\n\n\n<div class=\"wp-block-file\"><a id=\"wp-block-file--media-3c7e2aff-168e-4c67-a541-850cd0075931\" href=\"https:\/\/hannah.speleosearch.info\/wordpress\/wp-content\/uploads\/2020\/10\/2020_05_12_Geb\u00fchrenordnung_-KG_Hartmannshof.pdf\">Geb\u00fchrenordnung der Kirchengemeinde Hartmannshof: <\/a><a href=\"https:\/\/hannah.speleosearch.info\/wordpress\/wp-content\/uploads\/2020\/10\/2020_05_12_Geb\u00fchrenordnung_-KG_Hartmannshof.pdf\" class=\"wp-block-file__button wp-element-button\" download aria-describedby=\"wp-block-file--media-3c7e2aff-168e-4c67-a541-850cd0075931\">Herunterladen<\/a><\/div>\n","protected":false},"excerpt":{"rendered":"<p>Pfarrei H\u00f6genbach-HirschbachtalKirchplatz 791224 PommelsbrunnTelefon (09154) 12 83pfarrei.hoegenbach-hirschbachtal@elkb.de B\u00fcrostunden:Montag 15.00 &#8211; 17.00 UhrDienstag 9.00 &#8211; 12.00 UhrMittwoch 15.00 &#8211; 17.00 UhrDonnerstag 9.00 &#8211; 12.00 Uhr Spendenkonto:Sparkasse N\u00fcrnbergIBAN: DE05 7605 0101 0190 0604 83BIC: SS KN DE 77 XXX Kirchgeldkonto:Sparkasse N\u00fcrnbergIBAN: DE70 7605 0101 0190 0609 62BIC: SS KN DE 77 XXX Geb\u00fchren:Evangelische BankIBAN: DE77 5206 0410 [&hellip;]<\/p>\n","protected":false},"author":1,"featured_media":0,"parent":7,"menu_order":0,"comment_status":"closed","ping_status":"closed","template":"","meta":{"footnotes":""},"class_list":["post-10","page","type-page","status-publish","hentry"],"yoast_head":"<!-- This site is optimized with the Yoast SEO plugin v27.5 - https:\/\/yoast.com\/product\/yoast-seo-wordpress\/ -->\n<title>B\u00dcRO - Kirchengemeinde Hartmannshof<\/title>\n<meta name=\"robots\" content=\"index, follow, max-snippet:-1, max-image-preview:large, max-video-preview:-1\" \/>\n<link rel=\"canonical\" href=\"https:\/\/hannah.speleosearch.info\/wordpress\/kontakt\/buro\/\" \/>\n<meta property=\"og:locale\" content=\"de_DE\" \/>\n<meta property=\"og:type\" content=\"article\" \/>\n<meta property=\"og:title\" content=\"B\u00dcRO - Kirchengemeinde Hartmannshof\" \/>\n<meta property=\"og:description\" content=\"Pfarrei H\u00f6genbach-HirschbachtalKirchplatz 791224 PommelsbrunnTelefon (09154) 12 83pfarrei.hoegenbach-hirschbachtal@elkb.de B\u00fcrostunden:Montag 15.00 &#8211; 17.00 UhrDienstag 9.00 &#8211; 12.00 UhrMittwoch 15.00 &#8211; 17.00 UhrDonnerstag 9.00 &#8211; 12.00 Uhr Spendenkonto:Sparkasse N\u00fcrnbergIBAN: DE05 7605 0101 0190 0604 83BIC: SS KN DE 77 XXX Kirchgeldkonto:Sparkasse N\u00fcrnbergIBAN: DE70 7605 0101 0190 0609 62BIC: SS KN DE 77 XXX Geb\u00fchren:Evangelische BankIBAN: DE77 5206 0410 [&hellip;]\" \/>\n<meta property=\"og:url\" content=\"https:\/\/hannah.speleosearch.info\/wordpress\/kontakt\/buro\/\" \/>\n<meta property=\"og:site_name\" content=\"Kirchengemeinde Hartmannshof\" \/>\n<meta property=\"article:modified_time\" content=\"2024-04-17T09:56:00+00:00\" \/>\n<meta name=\"twitter:card\" content=\"summary_large_image\" \/>\n<meta name=\"twitter:label1\" content=\"Gesch\u00e4tzte Lesezeit\" \/>\n\t<meta name=\"twitter:data1\" content=\"1\u00a0Minute\" \/>\n<script type=\"application\/ld+json\" class=\"yoast-schema-graph\">{\"@context\":\"https:\\\/\\\/schema.org\",\"@graph\":[{\"@type\":\"WebPage\",\"@id\":\"https:\\\/\\\/hannah.speleosearch.info\\\/wordpress\\\/kontakt\\\/buro\\\/\",\"url\":\"https:\\\/\\\/hannah.speleosearch.info\\\/wordpress\\\/kontakt\\\/buro\\\/\",\"name\":\"B\u00dcRO - Kirchengemeinde Hartmannshof\",\"isPartOf\":{\"@id\":\"https:\\\/\\\/hannah.speleosearch.info\\\/wordpress\\\/#website\"},\"datePublished\":\"2013-11-18T12:56:12+00:00\",\"dateModified\":\"2024-04-17T09:56:00+00:00\",\"breadcrumb\":{\"@id\":\"https:\\\/\\\/hannah.speleosearch.info\\\/wordpress\\\/kontakt\\\/buro\\\/#breadcrumb\"},\"inLanguage\":\"de\",\"potentialAction\":[{\"@type\":\"ReadAction\",\"target\":[\"https:\\\/\\\/hannah.speleosearch.info\\\/wordpress\\\/kontakt\\\/buro\\\/\"]}]},{\"@type\":\"BreadcrumbList\",\"@id\":\"https:\\\/\\\/hannah.speleosearch.info\\\/wordpress\\\/kontakt\\\/buro\\\/#breadcrumb\",\"itemListElement\":[{\"@type\":\"ListItem\",\"position\":1,\"name\":\"Startseite\",\"item\":\"https:\\\/\\\/hannah.speleosearch.info\\\/wordpress\\\/\"},{\"@type\":\"ListItem\",\"position\":2,\"name\":\"KONTAKT\",\"item\":\"https:\\\/\\\/hannah.speleosearch.info\\\/wordpress\\\/kontakt\\\/\"},{\"@type\":\"ListItem\",\"position\":3,\"name\":\"B\u00dcRO\"}]},{\"@type\":\"WebSite\",\"@id\":\"https:\\\/\\\/hannah.speleosearch.info\\\/wordpress\\\/#website\",\"url\":\"https:\\\/\\\/hannah.speleosearch.info\\\/wordpress\\\/\",\"name\":\"Kirchengemeinde Hartmannshof\",\"description\":\"\",\"potentialAction\":[{\"@type\":\"SearchAction\",\"target\":{\"@type\":\"EntryPoint\",\"urlTemplate\":\"https:\\\/\\\/hannah.speleosearch.info\\\/wordpress\\\/?s={search_term_string}\"},\"query-input\":{\"@type\":\"PropertyValueSpecification\",\"valueRequired\":true,\"valueName\":\"search_term_string\"}}],\"inLanguage\":\"de\"}]}<\/script>\n<!-- \/ Yoast SEO plugin. -->","yoast_head_json":{"title":"B\u00dcRO - Kirchengemeinde Hartmannshof","robots":{"index":"index","follow":"follow","max-snippet":"max-snippet:-1","max-image-preview":"max-image-preview:large","max-video-preview":"max-video-preview:-1"},"canonical":"https:\/\/hannah.speleosearch.info\/wordpress\/kontakt\/buro\/","og_locale":"de_DE","og_type":"article","og_title":"B\u00dcRO - Kirchengemeinde Hartmannshof","og_description":"Pfarrei H\u00f6genbach-HirschbachtalKirchplatz 791224 PommelsbrunnTelefon (09154) 12 83pfarrei.hoegenbach-hirschbachtal@elkb.de B\u00fcrostunden:Montag 15.00 &#8211; 17.00 UhrDienstag 9.00 &#8211; 12.00 UhrMittwoch 15.00 &#8211; 17.00 UhrDonnerstag 9.00 &#8211; 12.00 Uhr Spendenkonto:Sparkasse N\u00fcrnbergIBAN: DE05 7605 0101 0190 0604 83BIC: SS KN DE 77 XXX Kirchgeldkonto:Sparkasse N\u00fcrnbergIBAN: DE70 7605 0101 0190 0609 62BIC: SS KN DE 77 XXX Geb\u00fchren:Evangelische BankIBAN: DE77 5206 0410 [&hellip;]","og_url":"https:\/\/hannah.speleosearch.info\/wordpress\/kontakt\/buro\/","og_site_name":"Kirchengemeinde Hartmannshof","article_modified_time":"2024-04-17T09:56:00+00:00","twitter_card":"summary_large_image","twitter_misc":{"Gesch\u00e4tzte Lesezeit":"1\u00a0Minute"},"schema":{"@context":"https:\/\/schema.org","@graph":[{"@type":"WebPage","@id":"https:\/\/hannah.speleosearch.info\/wordpress\/kontakt\/buro\/","url":"https:\/\/hannah.speleosearch.info\/wordpress\/kontakt\/buro\/","name":"B\u00dcRO - Kirchengemeinde Hartmannshof","isPartOf":{"@id":"https:\/\/hannah.speleosearch.info\/wordpress\/#website"},"datePublished":"2013-11-18T12:56:12+00:00","dateModified":"2024-04-17T09:56:00+00:00","breadcrumb":{"@id":"https:\/\/hannah.speleosearch.info\/wordpress\/kontakt\/buro\/#breadcrumb"},"inLanguage":"de","potentialAction":[{"@type":"ReadAction","target":["https:\/\/hannah.speleosearch.info\/wordpress\/kontakt\/buro\/"]}]},{"@type":"BreadcrumbList","@id":"https:\/\/hannah.speleosearch.info\/wordpress\/kontakt\/buro\/#breadcrumb","itemListElement":[{"@type":"ListItem","position":1,"name":"Startseite","item":"https:\/\/hannah.speleosearch.info\/wordpress\/"},{"@type":"ListItem","position":2,"name":"KONTAKT","item":"https:\/\/hannah.speleosearch.info\/wordpress\/kontakt\/"},{"@type":"ListItem","position":3,"name":"B\u00dcRO"}]},{"@type":"WebSite","@id":"https:\/\/hannah.speleosearch.info\/wordpress\/#website","url":"https:\/\/hannah.speleosearch.info\/wordpress\/","name":"Kirchengemeinde Hartmannshof","description":"","potentialAction":[{"@type":"SearchAction","target":{"@type":"EntryPoint","urlTemplate":"https:\/\/hannah.speleosearch.info\/wordpress\/?s={search_term_string}"},"query-input":{"@type":"PropertyValueSpecification","valueRequired":true,"valueName":"search_term_string"}}],"inLanguage":"de"}]}},"_links":{"self":[{"href":"https:\/\/hannah.speleosearch.info\/wordpress\/wp-json\/wp\/v2\/pages\/10","targetHints":{"allow":["GET"]}}],"collection":[{"href":"https:\/\/hannah.speleosearch.info\/wordpress\/wp-json\/wp\/v2\/pages"}],"about":[{"href":"https:\/\/hannah.speleosearch.info\/wordpress\/wp-json\/wp\/v2\/types\/page"}],"author":[{"embeddable":true,"href":"https:\/\/hannah.speleosearch.info\/wordpress\/wp-json\/wp\/v2\/users\/1"}],"replies":[{"embeddable":true,"href":"https:\/\/hannah.speleosearch.info\/wordpress\/wp-json\/wp\/v2\/comments?post=10"}],"version-history":[{"count":18,"href":"https:\/\/hannah.speleosearch.info\/wordpress\/wp-json\/wp\/v2\/pages\/10\/revisions"}],"predecessor-version":[{"id":812,"href":"https:\/\/hannah.speleosearch.info\/wordpress\/wp-json\/wp\/v2\/pages\/10\/revisions\/812"}],"up":[{"embeddable":true,"href":"https:\/\/hannah.speleosearch.info\/wordpress\/wp-json\/wp\/v2\/pages\/7"}],"wp:attachment":[{"href":"https:\/\/hannah.speleosearch.info\/wordpress\/wp-json\/wp\/v2\/media?parent=10"}],"curies":[{"name":"wp","href":"https:\/\/api.w.org\/{rel}","templated":true}]}}